{"id":922,"date":"2025-04-22T02:55:21","date_gmt":"2025-04-22T02:55:21","guid":{"rendered":"https:\/\/wordpress-633066-5627510.cloudwaysapps.com\/?page_id=30"},"modified":"2026-03-07T02:58:59","modified_gmt":"2026-03-07T02:58:59","slug":"menu","status":"publish","type":"page","link":"https:\/\/www.larucherestaurant.com\/be\/fr\/menu\/","title":{"rendered":"Menu"},"content":{"rendered":"\t\t<div data-elementor-type=\"wp-page\" data-elementor-id=\"922\" class=\"elementor elementor-922\">\n\t\t\t\t<div class=\"elementor-element elementor-element-d79da06 e-flex e-con-boxed e-con e-parent\" data-id=\"d79da06\" data-element_type=\"container\" data-e-type=\"container\">\n\t\t\t\t\t<div class=\"e-con-inner\">\n\t\t<div class=\"elementor-element elementor-element-ac8f647 e-con-full e-flex e-con e-child\" data-id=\"ac8f647\" data-element_type=\"container\" data-e-type=\"container\">\n\t\t\t\t<div class=\"elementor-element elementor-element-f08ee90 elementor-widget-divider--view-line elementor-widget elementor-widget-divider\" data-id=\"f08ee90\" data-element_type=\"widget\" data-e-type=\"widget\" data-widget_type=\"divider.default\">\n\t\t\t\t\t\t\t<div class=\"elementor-divider\">\n\t\t\t<span class=\"elementor-divider-separator\">\n\t\t\t\t\t\t<\/span>\n\t\t<\/div>\n\t\t\t\t\t\t<\/div>\n\t\t\t\t<div class=\"elementor-element elementor-element-af74d8e elementor-widget-divider--view-line elementor-widget elementor-widget-divider\" data-id=\"af74d8e\" data-element_type=\"widget\" data-e-type=\"widget\" data-widget_type=\"divider.default\">\n\t\t\t\t\t\t\t<div class=\"elementor-divider\">\n\t\t\t<span class=\"elementor-divider-separator\">\n\t\t\t\t\t\t<\/span>\n\t\t<\/div>\n\t\t\t\t\t\t<\/div>\n\t\t\t\t<\/div>\n\t\t\t\t\t<\/div>\n\t\t\t\t<\/div>\n\t\t<div class=\"elementor-element elementor-element-7c45109 e-con-full e-flex e-con e-parent\" data-id=\"7c45109\" data-element_type=\"container\" data-e-type=\"container\" data-settings=\"{&quot;background_background&quot;:&quot;classic&quot;}\">\n\t\t\t\t<\/div>\n\t\t<div class=\"elementor-element elementor-element-62181b92 e-flex e-con-boxed e-con e-parent\" data-id=\"62181b92\" data-element_type=\"container\" data-e-type=\"container\">\n\t\t\t\t\t<div class=\"e-con-inner\">\n\t\t\t\t<div class=\"elementor-element elementor-element-c7e9127 elementor-widget elementor-widget-spacer\" data-id=\"c7e9127\" data-element_type=\"widget\" data-e-type=\"widget\" data-widget_type=\"spacer.default\">\n\t\t\t\t\t\t\t<div class=\"elementor-spacer\">\n\t\t\t<div class=\"elementor-spacer-inner\"><\/div>\n\t\t<\/div>\n\t\t\t\t\t\t<\/div>\n\t\t\t\t\t<\/div>\n\t\t\t\t<\/div>\n\t\t<div class=\"elementor-element elementor-element-7ac7198 e-flex e-con-boxed e-con e-parent\" data-id=\"7ac7198\" data-element_type=\"container\" data-e-type=\"container\" data-settings=\"{&quot;background_background&quot;:&quot;classic&quot;}\">\n\t\t\t\t\t<div class=\"e-con-inner\">\n\t\t<div class=\"elementor-element elementor-element-cd85b9b e-con-full e-flex e-con e-child\" data-id=\"cd85b9b\" data-element_type=\"container\" data-e-type=\"container\">\n\t\t\t\t<div class=\"elementor-element elementor-element-e9e3ab8 elementor-widget elementor-widget-heading\" data-id=\"e9e3ab8\" data-element_type=\"widget\" data-e-type=\"widget\" data-widget_type=\"heading.default\">\n\t\t\t\t\t<h2 class=\"elementor-heading-title elementor-size-default\">Menu<\/h2>\t\t\t\t<\/div>\n\t\t\t\t<div class=\"elementor-element elementor-element-27a0431 elementor-widget elementor-widget-heading\" data-id=\"27a0431\" data-element_type=\"widget\" data-e-type=\"widget\" data-widget_type=\"heading.default\">\n\t\t\t\t\t<div class=\"elementor-heading-title elementor-size-default\">Que le voyage commence...<\/div>\t\t\t\t<\/div>\n\t\t\t\t<div class=\"elementor-element elementor-element-599cc91 elementor-widget elementor-widget-heading\" data-id=\"599cc91\" data-element_type=\"widget\" data-e-type=\"widget\" data-widget_type=\"heading.default\">\n\t\t\t\t\t<h2 class=\"elementor-heading-title elementor-size-default\">Avant tout le reste...<\/h2>\t\t\t\t<\/div>\n\t\t\t\t<div class=\"elementor-element elementor-element-6ca959c elementor-widget elementor-widget-text-editor\" data-id=\"6ca959c\" data-element_type=\"widget\" data-e-type=\"widget\" data-widget_type=\"text-editor.default\">\n\t\t\t\t\t\t\t\t\t<p>La Ruche Bruxelles est un restaurant de viande audacieux et contemporain, proposant deux adresses distinctes, chacune offrant sa propre atmosph\u00e8re, mais partageant la m\u00eame passion pour les grillades et l&rsquo;hospitalit\u00e9 g\u00e9n\u00e9reuse. Situ\u00e9e au nord de la ville, \u00e0 deux pas de l&#8217;embl\u00e9matique Atomium, La Ruche Atomium accueille ses clients dans un cadre spacieux et moderne avec un grill ouvert et une grande terrasse. C&rsquo;est une adresse incontournable, id\u00e9ale pour les familles, les groupes ou toute personne en qu\u00eate d&rsquo;un repas copieux apr\u00e8s avoir explor\u00e9 l&rsquo;un des monuments les plus c\u00e9l\u00e8bres de Bruxelles.<\/p><p>Au sud, nich\u00e9e dans le c\u0153ur cr\u00e9atif et \u00e9clectique de Saint-Gilles, La Ruche Saint-Gilles incarne le m\u00eame amour de la viande de qualit\u00e9 dans un espace urbain plus intimiste. Entour\u00e9e d&rsquo;ateliers, de caf\u00e9s et de boutiques locales, cette adresse offre une ambiance chaleureuse et accueillante o\u00f9 l&rsquo;on se retrouve pour d\u00e9guster grillades et plats r\u00e9confortants dans une ambiance d\u00e9contract\u00e9e. Dans ses deux adresses, La Ruche Bruxelles c\u00e9l\u00e8bre la viande sous son meilleur jour\u00a0: cuite au feu de bois, servie avec des accompagnements originaux et pr\u00e9par\u00e9e avec soin. C&rsquo;est l\u00e0 que l&rsquo;artisanat rencontre le confort, et chaque repas est fait pour \u00eatre partag\u00e9 et appr\u00e9ci\u00e9.<\/p>\t\t\t\t\t\t\t\t<\/div>\n\t\t\t\t<\/div>\n\t\t<div class=\"elementor-element elementor-element-cc6914f e-con-full e-flex e-con e-child\" data-id=\"cc6914f\" data-element_type=\"container\" data-e-type=\"container\">\n\t\t\t\t<div class=\"elementor-element elementor-element-c5f95b5 elementor-widget elementor-widget-image\" data-id=\"c5f95b5\" data-element_type=\"widget\" data-e-type=\"widget\" data-widget_type=\"image.default\">\n\t\t\t\t\t\t\t\t\t\t\t\t\t\t\t<img fetchpriority=\"high\" decoding=\"async\" width=\"683\" height=\"1024\" src=\"https:\/\/www.larucherestaurant.com\/be\/wp-content\/uploads\/2026\/01\/laruchefinale113-683x1024.jpg\" class=\"attachment-large size-large wp-image-1912\" alt=\"\" srcset=\"https:\/\/www.larucherestaurant.com\/be\/wp-content\/uploads\/2026\/01\/laruchefinale113-683x1024.jpg 683w, https:\/\/www.larucherestaurant.com\/be\/wp-content\/uploads\/2026\/01\/laruchefinale113-200x300.jpg 200w, https:\/\/www.larucherestaurant.com\/be\/wp-content\/uploads\/2026\/01\/laruchefinale113-768x1152.jpg 768w, https:\/\/www.larucherestaurant.com\/be\/wp-content\/uploads\/2026\/01\/laruchefinale113-1024x1536.jpg 1024w, https:\/\/www.larucherestaurant.com\/be\/wp-content\/uploads\/2026\/01\/laruchefinale113-1365x2048.jpg 1365w, https:\/\/www.larucherestaurant.com\/be\/wp-content\/uploads\/2026\/01\/laruchefinale113.jpg 1633w\" sizes=\"(max-width: 683px) 100vw, 683px\" \/>\t\t\t\t\t\t\t\t\t\t\t\t\t\t\t<\/div>\n\t\t\t\t<\/div>\n\t\t\t\t\t<\/div>\n\t\t\t\t<\/div>\n\t\t<div class=\"elementor-element elementor-element-c333a58 e-flex e-con-boxed e-con e-parent\" data-id=\"c333a58\" data-element_type=\"container\" data-e-type=\"container\" data-settings=\"{&quot;background_background&quot;:&quot;classic&quot;}\">\n\t\t\t\t\t<div class=\"e-con-inner\">\n\t\t<div class=\"elementor-element elementor-element-ae349a8 e-con-full e-flex e-con e-child\" data-id=\"ae349a8\" data-element_type=\"container\" data-e-type=\"container\" data-settings=\"{&quot;background_background&quot;:&quot;classic&quot;}\">\n\t\t\t\t<div class=\"elementor-element elementor-element-207011f elementor-widget elementor-widget-image\" data-id=\"207011f\" data-element_type=\"widget\" data-e-type=\"widget\" data-widget_type=\"image.default\">\n\t\t\t\t\t\t\t\t\t\t\t\t\t\t\t<img decoding=\"async\" width=\"300\" height=\"279\" src=\"https:\/\/www.larucherestaurant.com\/be\/wp-content\/uploads\/2025\/06\/laruche-logo-1536x1427-1-300x279.png\" class=\"attachment-medium size-medium wp-image-1165\" alt=\"\" srcset=\"https:\/\/www.larucherestaurant.com\/be\/wp-content\/uploads\/2025\/06\/laruche-logo-1536x1427-1-300x279.png 300w, https:\/\/www.larucherestaurant.com\/be\/wp-content\/uploads\/2025\/06\/laruche-logo-1536x1427-1-1024x951.png 1024w, https:\/\/www.larucherestaurant.com\/be\/wp-content\/uploads\/2025\/06\/laruche-logo-1536x1427-1-768x714.png 768w, https:\/\/www.larucherestaurant.com\/be\/wp-content\/uploads\/2025\/06\/laruche-logo-1536x1427-1.png 1536w\" sizes=\"(max-width: 300px) 100vw, 300px\" \/>\t\t\t\t\t\t\t\t\t\t\t\t\t\t\t<\/div>\n\t\t\t\t<div class=\"elementor-element elementor-element-b8c7c82 elementor-widget elementor-widget-button\" data-id=\"b8c7c82\" data-element_type=\"widget\" data-e-type=\"widget\" data-widget_type=\"button.default\">\n\t\t\t\t\t\t\t\t\t\t<a class=\"elementor-button elementor-button-link elementor-size-sm\" href=\"https:\/\/www.larucherestaurant.com\/be\/wp-content\/uploads\/2026\/02\/Menu-FR-6.pdf\">\n\t\t\t\t\t\t<span class=\"elementor-button-content-wrapper\">\n\t\t\t\t\t\t<span class=\"elementor-button-icon\">\n\t\t\t\t<svg aria-hidden=\"true\" class=\"e-font-icon-svg e-fas-angle-right\" viewBox=\"0 0 256 512\" xmlns=\"http:\/\/www.w3.org\/2000\/svg\"><path d=\"M224.3 273l-136 136c-9.4 9.4-24.6 9.4-33.9 0l-22.6-22.6c-9.4-9.4-9.4-24.6 0-33.9l96.4-96.4-96.4-96.4c-9.4-9.4-9.4-24.6 0-33.9L54.3 103c9.4-9.4 24.6-9.4 33.9 0l136 136c9.5 9.4 9.5 24.6.1 34z\"><\/path><\/svg>\t\t\t<\/span>\n\t\t\t\t\t\t\t\t\t<span class=\"elementor-button-text\"> Voir Menu<\/span>\n\t\t\t\t\t<\/span>\n\t\t\t\t\t<\/a>\n\t\t\t\t\t\t\t\t<\/div>\n\t\t\t\t<\/div>\n\t\t<div class=\"elementor-element elementor-element-908ef45 e-con-full elementor-hidden-mobile e-flex e-con e-child\" data-id=\"908ef45\" data-element_type=\"container\" data-e-type=\"container\">\n\t\t\t\t<\/div>\n\t\t\t\t\t<\/div>\n\t\t\t\t<\/div>\n\t\t\t\t<\/div>\n\t\t","protected":false},"excerpt":{"rendered":"<p>Menu Que le voyage commence&#8230; Avant tout le reste&#8230; La Ruche Bruxelles est un restaurant de viande audacieux et contemporain, [&hellip;]<\/p>\n","protected":false},"author":1,"featured_media":0,"parent":0,"menu_order":0,"comment_status":"closed","ping_status":"closed","template":"","meta":{"site-sidebar-layout":"no-sidebar","site-content-layout":"","ast-site-content-layout":"full-width-container","site-content-style":"default","site-sidebar-style":"default","ast-global-header-display":"","ast-banner-title-visibility":"","ast-main-header-display":"","ast-hfb-above-header-display":"","ast-hfb-below-header-display":"","ast-hfb-mobile-header-display":"","site-post-title":"disabled","ast-breadcrumbs-content":"","ast-featured-img":"disabled","footer-sml-layout":"","ast-disable-related-posts":"","theme-transparent-header-meta":"","adv-header-id-meta":"","stick-header-meta":"","header-above-stick-meta":"","header-main-stick-meta":"","header-below-stick-meta":"","astra-migrate-meta-layouts":"default","ast-page-background-enabled":"default","ast-page-background-meta":{"desktop":{"background-color":"var(--ast-global-color-5)","background-image":"","background-repeat":"repeat","background-position":"center center","background-size":"auto","background-attachment":"scroll","background-type":"","background-media":"","overlay-type":"","overlay-color":"","overlay-opacity":"","overlay-gradient":""},"tablet":{"background-color":"","background-image":"","background-repeat":"repeat","background-position":"center center","background-size":"auto","background-attachment":"scroll","background-type":"","background-media":"","overlay-type":"","overlay-color":"","overlay-opacity":"","overlay-gradient":""},"mobile":{"background-color":"","background-image":"","background-repeat":"repeat","background-position":"center center","background-size":"auto","background-attachment":"scroll","background-type":"","background-media":"","overlay-type":"","overlay-color":"","overlay-opacity":"","overlay-gradient":""}},"ast-content-background-meta":{"desktop":{"background-color":"var(--ast-global-color-4)","background-image":"","background-repeat":"repeat","background-position":"center center","background-size":"auto","background-attachment":"scroll","background-type":"","background-media":"","overlay-type":"","overlay-color":"","overlay-opacity":"","overlay-gradient":""},"tablet":{"background-color":"var(--ast-global-color-4)","background-image":"","background-repeat":"repeat","background-position":"center center","background-size":"auto","background-attachment":"scroll","background-type":"","background-media":"","overlay-type":"","overlay-color":"","overlay-opacity":"","overlay-gradient":""},"mobile":{"background-color":"var(--ast-global-color-4)","background-image":"","background-repeat":"repeat","background-position":"center center","background-size":"auto","background-attachment":"scroll","background-type":"","background-media":"","overlay-type":"","overlay-color":"","overlay-opacity":"","overlay-gradient":""}},"footnotes":""},"class_list":["post-922","page","type-page","status-publish","hentry"],"lang":"fr","translations":{"fr":922,"en":30},"pll_sync_post":[],"_links":{"self":[{"href":"https:\/\/www.larucherestaurant.com\/be\/wp-json\/wp\/v2\/pages\/922","targetHints":{"allow":["GET"]}}],"collection":[{"href":"https:\/\/www.larucherestaurant.com\/be\/wp-json\/wp\/v2\/pages"}],"about":[{"href":"https:\/\/www.larucherestaurant.com\/be\/wp-json\/wp\/v2\/types\/page"}],"author":[{"embeddable":true,"href":"https:\/\/www.larucherestaurant.com\/be\/wp-json\/wp\/v2\/users\/1"}],"replies":[{"embeddable":true,"href":"https:\/\/www.larucherestaurant.com\/be\/wp-json\/wp\/v2\/comments?post=922"}],"version-history":[{"count":57,"href":"https:\/\/www.larucherestaurant.com\/be\/wp-json\/wp\/v2\/pages\/922\/revisions"}],"predecessor-version":[{"id":2587,"href":"https:\/\/www.larucherestaurant.com\/be\/wp-json\/wp\/v2\/pages\/922\/revisions\/2587"}],"wp:attachment":[{"href":"https:\/\/www.larucherestaurant.com\/be\/wp-json\/wp\/v2\/media?parent=922"}],"curies":[{"name":"wp","href":"https:\/\/api.w.org\/{rel}","templated":true}]}}