{"id":921,"date":"2025-04-22T02:51:56","date_gmt":"2025-04-22T02:51:56","guid":{"rendered":"https:\/\/wordpress-633066-5627510.cloudwaysapps.com\/?page_id=22"},"modified":"2026-04-06T18:34:17","modified_gmt":"2026-04-06T18:34:17","slug":"make-a-reservation","status":"publish","type":"page","link":"https:\/\/www.larucherestaurant.com\/be\/fr\/make-a-reservation\/","title":{"rendered":"Make a reservation2_FR"},"content":{"rendered":"\t\t<div data-elementor-type=\"wp-page\" data-elementor-id=\"921\" class=\"elementor elementor-921\">\n\t\t\t\t<div class=\"elementor-element elementor-element-82b4de7 e-flex e-con-boxed e-con e-parent\" data-id=\"82b4de7\" data-element_type=\"container\" data-e-type=\"container\">\n\t\t\t\t\t<div class=\"e-con-inner\">\n\t\t<div class=\"elementor-element elementor-element-0b30a2a e-con-full e-flex e-con e-child\" data-id=\"0b30a2a\" data-element_type=\"container\" data-e-type=\"container\">\n\t\t\t\t<div class=\"elementor-element elementor-element-361c0c0 elementor-widget-divider--view-line elementor-widget elementor-widget-divider\" data-id=\"361c0c0\" data-element_type=\"widget\" data-e-type=\"widget\" data-widget_type=\"divider.default\">\n\t\t\t\t\t\t\t<div class=\"elementor-divider\">\n\t\t\t<span class=\"elementor-divider-separator\">\n\t\t\t\t\t\t<\/span>\n\t\t<\/div>\n\t\t\t\t\t\t<\/div>\n\t\t\t\t<div class=\"elementor-element elementor-element-56af585 elementor-widget-divider--view-line elementor-widget elementor-widget-divider\" data-id=\"56af585\" data-element_type=\"widget\" data-e-type=\"widget\" data-widget_type=\"divider.default\">\n\t\t\t\t\t\t\t<div class=\"elementor-divider\">\n\t\t\t<span class=\"elementor-divider-separator\">\n\t\t\t\t\t\t<\/span>\n\t\t<\/div>\n\t\t\t\t\t\t<\/div>\n\t\t\t\t<\/div>\n\t\t\t\t\t<\/div>\n\t\t\t\t<\/div>\n\t\t<div class=\"elementor-element elementor-element-ac565a8 e-flex e-con-boxed e-con e-parent\" data-id=\"ac565a8\" data-element_type=\"container\" data-e-type=\"container\" data-settings=\"{&quot;background_background&quot;:&quot;classic&quot;}\">\n\t\t\t\t\t<div class=\"e-con-inner\">\n\t\t\t\t\t<\/div>\n\t\t\t\t<\/div>\n\t\t<div class=\"elementor-element elementor-element-5ac3678 e-flex e-con-boxed e-con e-parent\" data-id=\"5ac3678\" data-element_type=\"container\" data-e-type=\"container\">\n\t\t\t\t\t<div class=\"e-con-inner\">\n\t\t\t\t<div class=\"elementor-element elementor-element-418644e elementor-widget elementor-widget-spacer\" data-id=\"418644e\" data-element_type=\"widget\" data-e-type=\"widget\" data-widget_type=\"spacer.default\">\n\t\t\t\t\t\t\t<div class=\"elementor-spacer\">\n\t\t\t<div class=\"elementor-spacer-inner\"><\/div>\n\t\t<\/div>\n\t\t\t\t\t\t<\/div>\n\t\t\t\t\t<\/div>\n\t\t\t\t<\/div>\n\t\t<div class=\"elementor-element elementor-element-1c0dc73 e-flex e-con-boxed e-con e-parent\" data-id=\"1c0dc73\" data-element_type=\"container\" data-e-type=\"container\" data-settings=\"{&quot;background_background&quot;:&quot;classic&quot;}\">\n\t\t\t\t\t<div class=\"e-con-inner\">\n\t\t\t\t<div class=\"elementor-element elementor-element-4f4ec37 elementor-widget elementor-widget-heading\" data-id=\"4f4ec37\" data-element_type=\"widget\" data-e-type=\"widget\" data-widget_type=\"heading.default\">\n\t\t\t\t\t<span class=\"elementor-heading-title elementor-size-default\">\nNous vous apportons le meilleur<\/span>\t\t\t\t<\/div>\n\t\t\t\t<div class=\"elementor-element elementor-element-745a12e elementor-widget elementor-widget-heading\" data-id=\"745a12e\" data-element_type=\"widget\" data-e-type=\"widget\" data-widget_type=\"heading.default\">\n\t\t\t\t\t<h2 class=\"elementor-heading-title elementor-size-default\">R\u00e9servez en ligne<\/h2>\t\t\t\t<\/div>\n\t\t\t\t<div class=\"elementor-element elementor-element-05b0fc2 elementor-widget__width-initial elementor-widget elementor-widget-text-editor\" data-id=\"05b0fc2\" data-element_type=\"widget\" data-e-type=\"widget\" data-widget_type=\"text-editor.default\">\n\t\t\t\t\t\t\t\t\t<p><span style=\"font-weight: 400;\">R\u00e9servez votre table en ligne en quelques clics. Pour les \u00e9v\u00e9nements priv\u00e9s ou les groupes, contactez-nous directement.<\/span><\/p>\t\t\t\t\t\t\t\t<\/div>\n\t\t<div class=\"elementor-element elementor-element-1d7d1af e-con-full e-flex e-con e-child\" data-id=\"1d7d1af\" data-element_type=\"container\" data-e-type=\"container\">\n\t\t<div class=\"elementor-element elementor-element-8836583 e-con-full e-flex e-con e-child\" data-id=\"8836583\" data-element_type=\"container\" data-e-type=\"container\">\n\t\t\t\t<div class=\"elementor-element elementor-element-d8b34cc elementor-widget elementor-widget-heading\" data-id=\"d8b34cc\" data-element_type=\"widget\" data-e-type=\"widget\" data-widget_type=\"heading.default\">\n\t\t\t\t\t<h2 class=\"elementor-heading-title elementor-size-default\">Saint-Gilles<\/h2>\t\t\t\t<\/div>\n\t\t\t\t<div class=\"elementor-element elementor-element-b60c3fc elementor-widget elementor-widget-html\" data-id=\"b60c3fc\" data-element_type=\"widget\" data-e-type=\"widget\" data-widget_type=\"html.default\">\n\t\t\t\t\t<tbkr-bm-widget style=\"min-height: 600px\" restaurant-id=\"53673984\" source=\"website\" use-modal=\"0\" lang=\"en\" theme=\"dark\"><\/tbkr-bm-widget>\n<script src=\"https:\/\/reservations.tablebooker.com\/tbkr-widget-import.min.js\"><\/script>\t\t\t\t<\/div>\n\t\t\t\t<\/div>\n\t\t\t\t<\/div>\n\t\t\t\t\t<\/div>\n\t\t\t\t<\/div>\n\t\t<div class=\"elementor-element elementor-element-df17182 e-flex e-con-boxed e-con e-parent\" data-id=\"df17182\" data-element_type=\"container\" data-e-type=\"container\">\n\t\t\t\t\t<div class=\"e-con-inner\">\n\t\t\t\t<div class=\"elementor-element elementor-element-aba3312 elementor-widget elementor-widget-heading\" data-id=\"aba3312\" data-element_type=\"widget\" data-e-type=\"widget\" data-widget_type=\"heading.default\">\n\t\t\t\t\t<span class=\"elementor-heading-title elementor-size-default\">PRESS <\/span>\t\t\t\t<\/div>\n\t\t<div class=\"elementor-element elementor-element-cdc8cba e-con-full e-grid e-con e-child\" data-id=\"cdc8cba\" data-element_type=\"container\" data-e-type=\"container\">\n\t\t\t\t<div class=\"elementor-element elementor-element-b9a2823 elementor-widget elementor-widget-image\" data-id=\"b9a2823\" data-element_type=\"widget\" data-e-type=\"widget\" data-widget_type=\"image.default\">\n\t\t\t\t\t\t\t\t\t\t\t\t\t\t\t<img fetchpriority=\"high\" decoding=\"async\" width=\"1024\" height=\"683\" src=\"https:\/\/www.larucherestaurant.com\/be\/wp-content\/uploads\/2026\/02\/ChatGPT-Image-28-fevr.-2026-a-22_40_55-1024x683.png\" class=\"attachment-large size-large wp-image-2493\" alt=\"\" srcset=\"https:\/\/www.larucherestaurant.com\/be\/wp-content\/uploads\/2026\/02\/ChatGPT-Image-28-fevr.-2026-a-22_40_55-1024x683.png 1024w, https:\/\/www.larucherestaurant.com\/be\/wp-content\/uploads\/2026\/02\/ChatGPT-Image-28-fevr.-2026-a-22_40_55-300x200.png 300w, https:\/\/www.larucherestaurant.com\/be\/wp-content\/uploads\/2026\/02\/ChatGPT-Image-28-fevr.-2026-a-22_40_55-768x512.png 768w, https:\/\/www.larucherestaurant.com\/be\/wp-content\/uploads\/2026\/02\/ChatGPT-Image-28-fevr.-2026-a-22_40_55.png 1536w\" sizes=\"(max-width: 1024px) 100vw, 1024px\" \/>\t\t\t\t\t\t\t\t\t\t\t\t\t\t\t<\/div>\n\t\t\t\t<div class=\"elementor-element elementor-element-0a55c24 elementor-widget elementor-widget-image\" data-id=\"0a55c24\" data-element_type=\"widget\" data-e-type=\"widget\" data-widget_type=\"image.default\">\n\t\t\t\t\t\t\t\t\t\t\t\t\t\t\t<img decoding=\"async\" width=\"225\" height=\"179\" src=\"https:\/\/www.larucherestaurant.com\/be\/wp-content\/uploads\/2025\/05\/soir.png\" class=\"attachment-large size-large wp-image-604\" alt=\"\" \/>\t\t\t\t\t\t\t\t\t\t\t\t\t\t\t<\/div>\n\t\t\t\t<div class=\"elementor-element elementor-element-43fe22b elementor-widget elementor-widget-image\" data-id=\"43fe22b\" data-element_type=\"widget\" data-e-type=\"widget\" data-widget_type=\"image.default\">\n\t\t\t\t\t\t\t\t\t\t\t\t\t\t\t<img decoding=\"async\" width=\"1024\" height=\"709\" src=\"https:\/\/www.larucherestaurant.com\/be\/wp-content\/uploads\/2025\/05\/the-guardian-1024x709.png\" class=\"attachment-large size-large wp-image-601\" alt=\"\" srcset=\"https:\/\/www.larucherestaurant.com\/be\/wp-content\/uploads\/2025\/05\/the-guardian-1024x709.png 1024w, https:\/\/www.larucherestaurant.com\/be\/wp-content\/uploads\/2025\/05\/the-guardian-300x208.png 300w, https:\/\/www.larucherestaurant.com\/be\/wp-content\/uploads\/2025\/05\/the-guardian-768x532.png 768w, https:\/\/www.larucherestaurant.com\/be\/wp-content\/uploads\/2025\/05\/the-guardian.png 1440w\" sizes=\"(max-width: 1024px) 100vw, 1024px\" \/>\t\t\t\t\t\t\t\t\t\t\t\t\t\t\t<\/div>\n\t\t\t\t<div class=\"elementor-element elementor-element-f00b5c2 elementor-widget elementor-widget-image\" data-id=\"f00b5c2\" data-element_type=\"widget\" data-e-type=\"widget\" data-widget_type=\"image.default\">\n\t\t\t\t\t\t\t\t\t\t\t\t\t\t\t<img loading=\"lazy\" decoding=\"async\" width=\"1024\" height=\"683\" src=\"https:\/\/www.larucherestaurant.com\/be\/wp-content\/uploads\/2026\/02\/ChatGPT-Image-28-fevr.-2026-a-22_43_32.png\" class=\"attachment-large size-large wp-image-2495\" alt=\"\" \/>\t\t\t\t\t\t\t\t\t\t\t\t\t\t\t<\/div>\n\t\t\t\t<div class=\"elementor-element elementor-element-280fcef elementor-widget elementor-widget-image\" data-id=\"280fcef\" data-element_type=\"widget\" data-e-type=\"widget\" data-widget_type=\"image.default\">\n\t\t\t\t\t\t\t\t\t\t\t\t\t\t\t<img loading=\"lazy\" decoding=\"async\" width=\"1024\" height=\"538\" src=\"https:\/\/www.larucherestaurant.com\/be\/wp-content\/uploads\/2025\/05\/1638453427_sudinfo_opengraph-1024x538.png\" class=\"attachment-large size-large wp-image-869\" alt=\"\" srcset=\"https:\/\/www.larucherestaurant.com\/be\/wp-content\/uploads\/2025\/05\/1638453427_sudinfo_opengraph-1024x538.png 1024w, https:\/\/www.larucherestaurant.com\/be\/wp-content\/uploads\/2025\/05\/1638453427_sudinfo_opengraph-300x158.png 300w, https:\/\/www.larucherestaurant.com\/be\/wp-content\/uploads\/2025\/05\/1638453427_sudinfo_opengraph-768x403.png 768w, https:\/\/www.larucherestaurant.com\/be\/wp-content\/uploads\/2025\/05\/1638453427_sudinfo_opengraph.png 1200w\" sizes=\"(max-width: 1024px) 100vw, 1024px\" \/>\t\t\t\t\t\t\t\t\t\t\t\t\t\t\t<\/div>\n\t\t\t\t<div class=\"elementor-element elementor-element-a841d88 elementor-widget elementor-widget-image\" data-id=\"a841d88\" data-element_type=\"widget\" data-e-type=\"widget\" data-widget_type=\"image.default\">\n\t\t\t\t\t\t\t\t\t\t\t\t\t\t\t<img loading=\"lazy\" decoding=\"async\" width=\"1024\" height=\"683\" src=\"https:\/\/www.larucherestaurant.com\/be\/wp-content\/uploads\/2026\/02\/ChatGPT-Image-28-fevr.-2026-a-04_03_18-1024x683.png\" class=\"attachment-large size-large wp-image-2491\" alt=\"\" srcset=\"https:\/\/www.larucherestaurant.com\/be\/wp-content\/uploads\/2026\/02\/ChatGPT-Image-28-fevr.-2026-a-04_03_18-1024x683.png 1024w, https:\/\/www.larucherestaurant.com\/be\/wp-content\/uploads\/2026\/02\/ChatGPT-Image-28-fevr.-2026-a-04_03_18-300x200.png 300w, https:\/\/www.larucherestaurant.com\/be\/wp-content\/uploads\/2026\/02\/ChatGPT-Image-28-fevr.-2026-a-04_03_18-768x512.png 768w, https:\/\/www.larucherestaurant.com\/be\/wp-content\/uploads\/2026\/02\/ChatGPT-Image-28-fevr.-2026-a-04_03_18.png 1536w\" sizes=\"(max-width: 1024px) 100vw, 1024px\" \/>\t\t\t\t\t\t\t\t\t\t\t\t\t\t\t<\/div>\n\t\t\t\t<div class=\"elementor-element elementor-element-f6b603f elementor-widget elementor-widget-image\" data-id=\"f6b603f\" data-element_type=\"widget\" data-e-type=\"widget\" data-widget_type=\"image.default\">\n\t\t\t\t\t\t\t\t\t\t\t\t\t\t\t<img loading=\"lazy\" decoding=\"async\" width=\"1024\" height=\"683\" src=\"https:\/\/www.larucherestaurant.com\/be\/wp-content\/uploads\/2026\/02\/ChatGPT-Image-28-fevr.-2026-a-04_00_26-1024x683.png\" class=\"attachment-large size-large wp-image-2489\" alt=\"\" srcset=\"https:\/\/www.larucherestaurant.com\/be\/wp-content\/uploads\/2026\/02\/ChatGPT-Image-28-fevr.-2026-a-04_00_26-1024x683.png 1024w, https:\/\/www.larucherestaurant.com\/be\/wp-content\/uploads\/2026\/02\/ChatGPT-Image-28-fevr.-2026-a-04_00_26-300x200.png 300w, https:\/\/www.larucherestaurant.com\/be\/wp-content\/uploads\/2026\/02\/ChatGPT-Image-28-fevr.-2026-a-04_00_26-768x512.png 768w, https:\/\/www.larucherestaurant.com\/be\/wp-content\/uploads\/2026\/02\/ChatGPT-Image-28-fevr.-2026-a-04_00_26.png 1536w\" sizes=\"(max-width: 1024px) 100vw, 1024px\" \/>\t\t\t\t\t\t\t\t\t\t\t\t\t\t\t<\/div>\n\t\t\t\t<div class=\"elementor-element elementor-element-787a044 elementor-widget elementor-widget-image\" data-id=\"787a044\" data-element_type=\"widget\" data-e-type=\"widget\" data-widget_type=\"image.default\">\n\t\t\t\t\t\t\t\t\t\t\t\t\t\t\t<img loading=\"lazy\" decoding=\"async\" width=\"1024\" height=\"1024\" src=\"https:\/\/www.larucherestaurant.com\/be\/wp-content\/uploads\/2026\/02\/Logo-du-journal-PZC-Krant.png\" class=\"attachment-large size-large wp-image-2486\" alt=\"\" srcset=\"https:\/\/www.larucherestaurant.com\/be\/wp-content\/uploads\/2026\/02\/Logo-du-journal-PZC-Krant.png 1024w, https:\/\/www.larucherestaurant.com\/be\/wp-content\/uploads\/2026\/02\/Logo-du-journal-PZC-Krant-300x300.png 300w, https:\/\/www.larucherestaurant.com\/be\/wp-content\/uploads\/2026\/02\/Logo-du-journal-PZC-Krant-150x150.png 150w, https:\/\/www.larucherestaurant.com\/be\/wp-content\/uploads\/2026\/02\/Logo-du-journal-PZC-Krant-768x768.png 768w\" sizes=\"(max-width: 1024px) 100vw, 1024px\" \/>\t\t\t\t\t\t\t\t\t\t\t\t\t\t\t<\/div>\n\t\t\t\t<\/div>\n\t\t\t\t\t<\/div>\n\t\t\t\t<\/div>\n\t\t\t\t<\/div>\n\t\t","protected":false},"excerpt":{"rendered":"<p>Nous vous apportons le meilleur R\u00e9servez en ligne R\u00e9servez votre table en ligne en quelques clics. Pour les \u00e9v\u00e9nements priv\u00e9s [&hellip;]<\/p>\n","protected":false},"author":1,"featured_media":0,"parent":0,"menu_order":0,"comment_status":"closed","ping_status":"closed","template":"","meta":{"site-sidebar-layout":"no-sidebar","site-content-layout":"","ast-site-content-layout":"full-width-container","site-content-style":"default","site-sidebar-style":"default","ast-global-header-display":"","ast-banner-title-visibility":"","ast-main-header-display":"","ast-hfb-above-header-display":"","ast-hfb-below-header-display":"","ast-hfb-mobile-header-display":"","site-post-title":"disabled","ast-breadcrumbs-content":"","ast-featured-img":"disabled","footer-sml-layout":"","ast-disable-related-posts":"","theme-transparent-header-meta":"","adv-header-id-meta":"","stick-header-meta":"","header-above-stick-meta":"","header-main-stick-meta":"","header-below-stick-meta":"","astra-migrate-meta-layouts":"default","ast-page-background-enabled":"default","ast-page-background-meta":{"desktop":{"background-color":"var(--ast-global-color-5)","background-image":"","background-repeat":"repeat","background-position":"center center","background-size":"auto","background-attachment":"scroll","background-type":"","background-media":"","overlay-type":"","overlay-color":"","overlay-opacity":"","overlay-gradient":""},"tablet":{"background-color":"","background-image":"","background-repeat":"repeat","background-position":"center center","background-size":"auto","background-attachment":"scroll","background-type":"","background-media":"","overlay-type":"","overlay-color":"","overlay-opacity":"","overlay-gradient":""},"mobile":{"background-color":"","background-image":"","background-repeat":"repeat","background-position":"center center","background-size":"auto","background-attachment":"scroll","background-type":"","background-media":"","overlay-type":"","overlay-color":"","overlay-opacity":"","overlay-gradient":""}},"ast-content-background-meta":{"desktop":{"background-color":"var(--ast-global-color-4)","background-image":"","background-repeat":"repeat","background-position":"center center","background-size":"auto","background-attachment":"scroll","background-type":"","background-media":"","overlay-type":"","overlay-color":"","overlay-opacity":"","overlay-gradient":""},"tablet":{"background-color":"var(--ast-global-color-4)","background-image":"","background-repeat":"repeat","background-position":"center center","background-size":"auto","background-attachment":"scroll","background-type":"","background-media":"","overlay-type":"","overlay-color":"","overlay-opacity":"","overlay-gradient":""},"mobile":{"background-color":"var(--ast-global-color-4)","background-image":"","background-repeat":"repeat","background-position":"center center","background-size":"auto","background-attachment":"scroll","background-type":"","background-media":"","overlay-type":"","overlay-color":"","overlay-opacity":"","overlay-gradient":""}},"footnotes":""},"class_list":["post-921","page","type-page","status-publish","hentry"],"lang":"fr","translations":{"fr":921,"en":22},"pll_sync_post":[],"_links":{"self":[{"href":"https:\/\/www.larucherestaurant.com\/be\/wp-json\/wp\/v2\/pages\/921","targetHints":{"allow":["GET"]}}],"collection":[{"href":"https:\/\/www.larucherestaurant.com\/be\/wp-json\/wp\/v2\/pages"}],"about":[{"href":"https:\/\/www.larucherestaurant.com\/be\/wp-json\/wp\/v2\/types\/page"}],"author":[{"embeddable":true,"href":"https:\/\/www.larucherestaurant.com\/be\/wp-json\/wp\/v2\/users\/1"}],"replies":[{"embeddable":true,"href":"https:\/\/www.larucherestaurant.com\/be\/wp-json\/wp\/v2\/comments?post=921"}],"version-history":[{"count":82,"href":"https:\/\/www.larucherestaurant.com\/be\/wp-json\/wp\/v2\/pages\/921\/revisions"}],"predecessor-version":[{"id":2634,"href":"https:\/\/www.larucherestaurant.com\/be\/wp-json\/wp\/v2\/pages\/921\/revisions\/2634"}],"wp:attachment":[{"href":"https:\/\/www.larucherestaurant.com\/be\/wp-json\/wp\/v2\/media?parent=921"}],"curies":[{"name":"wp","href":"https:\/\/api.w.org\/{rel}","templated":true}]}}