{"id":920,"date":"2025-04-22T02:48:40","date_gmt":"2025-04-22T02:48:40","guid":{"rendered":"https:\/\/wordpress-633066-5627510.cloudwaysapps.com\/?page_id=18"},"modified":"2026-03-07T02:36:33","modified_gmt":"2026-03-07T02:36:33","slug":"home","status":"publish","type":"page","link":"https:\/\/www.larucherestaurant.com\/be\/fr\/","title":{"rendered":"Home"},"content":{"rendered":"\t\t<div data-elementor-type=\"wp-page\" data-elementor-id=\"920\" class=\"elementor elementor-920\">\n\t\t\t\t<div class=\"elementor-element elementor-element-9fbd879 e-flex e-con-boxed e-con e-parent\" data-id=\"9fbd879\" data-element_type=\"container\" data-e-type=\"container\">\n\t\t\t\t\t<div class=\"e-con-inner\">\n\t\t<div class=\"elementor-element elementor-element-913a91c e-con-full e-flex e-con e-child\" data-id=\"913a91c\" data-element_type=\"container\" data-e-type=\"container\">\n\t\t\t\t<div class=\"elementor-element elementor-element-4db5003 elementor-widget-divider--view-line elementor-widget elementor-widget-divider\" data-id=\"4db5003\" data-element_type=\"widget\" data-e-type=\"widget\" data-widget_type=\"divider.default\">\n\t\t\t\t\t\t\t<div class=\"elementor-divider\">\n\t\t\t<span class=\"elementor-divider-separator\">\n\t\t\t\t\t\t<\/span>\n\t\t<\/div>\n\t\t\t\t\t\t<\/div>\n\t\t\t\t<div class=\"elementor-element elementor-element-9e8e3dc elementor-widget-divider--view-line elementor-widget elementor-widget-divider\" data-id=\"9e8e3dc\" data-element_type=\"widget\" data-e-type=\"widget\" data-widget_type=\"divider.default\">\n\t\t\t\t\t\t\t<div class=\"elementor-divider\">\n\t\t\t<span class=\"elementor-divider-separator\">\n\t\t\t\t\t\t<\/span>\n\t\t<\/div>\n\t\t\t\t\t\t<\/div>\n\t\t\t\t<\/div>\n\t\t\t\t\t<\/div>\n\t\t\t\t<\/div>\n\t\t<div class=\"elementor-element elementor-element-f275c52 e-con-full e-flex e-con e-parent\" data-id=\"f275c52\" data-element_type=\"container\" data-e-type=\"container\" data-settings=\"{&quot;background_background&quot;:&quot;classic&quot;}\">\n\t\t\t\t<\/div>\n\t\t<div class=\"elementor-element elementor-element-58a144e e-flex e-con-boxed e-con e-parent\" data-id=\"58a144e\" data-element_type=\"container\" data-e-type=\"container\" data-settings=\"{&quot;background_background&quot;:&quot;classic&quot;}\">\n\t\t\t\t\t<div class=\"e-con-inner\">\n\t\t<div class=\"elementor-element elementor-element-0b001ee e-con-full e-flex e-con e-child\" data-id=\"0b001ee\" data-element_type=\"container\" data-e-type=\"container\">\n\t\t\t\t<div class=\"elementor-element elementor-element-2b15cef elementor-widget elementor-widget-heading\" data-id=\"2b15cef\" data-element_type=\"widget\" data-e-type=\"widget\" data-widget_type=\"heading.default\">\n\t\t\t\t\t<div class=\"elementor-heading-title elementor-size-default\">Nous vous apportons le meilleur<\/div>\t\t\t\t<\/div>\n\t\t\t\t<div class=\"elementor-element elementor-element-399af43 elementor-widget elementor-widget-heading\" data-id=\"399af43\" data-element_type=\"widget\" data-e-type=\"widget\" data-widget_type=\"heading.default\">\n\t\t\t\t\t<h2 class=\"elementor-heading-title elementor-size-default\">Notre carte<\/h2>\t\t\t\t<\/div>\n\t\t\t\t<div class=\"elementor-element elementor-element-601c86e elementor-widget elementor-widget-text-editor\" data-id=\"601c86e\" data-element_type=\"widget\" data-e-type=\"widget\" data-widget_type=\"text-editor.default\">\n\t\t\t\t\t\t\t\t\t<p><span style=\"font-weight: 400;\">Un lieu, une histoire. Une table, une \u00e9motion.<\/span><\/p><p><span style=\"font-weight: 400;\">Dans un d\u00e9cor soigneusement restaur\u00e9, o\u00f9 le patrimoine industriel rencontre un design raffin\u00e9, La Ruche vous accueille dans une ambiance chaleureuse et apaisante.<\/span><\/p><p><span style=\"font-weight: 400;\">Un cocon intimiste o\u00f9 chaque d\u00e9tail est pens\u00e9 pour vous faire vivre un moment d\u2019exception.<\/span><\/p>\t\t\t\t\t\t\t\t<\/div>\n\t\t\t\t<div class=\"elementor-element elementor-element-33c84cd elementor-widget elementor-widget-button\" data-id=\"33c84cd\" data-element_type=\"widget\" data-e-type=\"widget\" data-widget_type=\"button.default\">\n\t\t\t\t\t\t\t\t\t\t<a class=\"elementor-button elementor-button-link elementor-size-sm\" href=\"https:\/\/www.larucherestaurant.com\/be\/wp-content\/uploads\/2026\/02\/Menu-FR-6.pdf\">\n\t\t\t\t\t\t<span class=\"elementor-button-content-wrapper\">\n\t\t\t\t\t\t<span class=\"elementor-button-icon\">\n\t\t\t\t<svg aria-hidden=\"true\" class=\"e-font-icon-svg e-fas-angle-right\" viewBox=\"0 0 256 512\" xmlns=\"http:\/\/www.w3.org\/2000\/svg\"><path d=\"M224.3 273l-136 136c-9.4 9.4-24.6 9.4-33.9 0l-22.6-22.6c-9.4-9.4-9.4-24.6 0-33.9l96.4-96.4-96.4-96.4c-9.4-9.4-9.4-24.6 0-33.9L54.3 103c9.4-9.4 24.6-9.4 33.9 0l136 136c9.5 9.4 9.5 24.6.1 34z\"><\/path><\/svg>\t\t\t<\/span>\n\t\t\t\t\t\t\t\t\t<span class=\"elementor-button-text\"> Voir Menu<\/span>\n\t\t\t\t\t<\/span>\n\t\t\t\t\t<\/a>\n\t\t\t\t\t\t\t\t<\/div>\n\t\t\t\t<\/div>\n\t\t<div class=\"elementor-element elementor-element-4986b83 e-con-full e-flex e-con e-child\" data-id=\"4986b83\" data-element_type=\"container\" data-e-type=\"container\">\n\t\t\t\t<div class=\"elementor-element elementor-element-516c728 elementor-widget elementor-widget-image\" data-id=\"516c728\" data-element_type=\"widget\" data-e-type=\"widget\" data-widget_type=\"image.default\">\n\t\t\t\t\t\t\t\t\t\t\t\t\t\t\t<img fetchpriority=\"high\" decoding=\"async\" width=\"1024\" height=\"683\" src=\"https:\/\/www.larucherestaurant.com\/be\/wp-content\/uploads\/2026\/01\/LarucheSaintGilles-02Janvier90-1-1024x683.jpg\" class=\"attachment-large size-large wp-image-1920\" alt=\"\" srcset=\"https:\/\/www.larucherestaurant.com\/be\/wp-content\/uploads\/2026\/01\/LarucheSaintGilles-02Janvier90-1-1024x683.jpg 1024w, https:\/\/www.larucherestaurant.com\/be\/wp-content\/uploads\/2026\/01\/LarucheSaintGilles-02Janvier90-1-300x200.jpg 300w, https:\/\/www.larucherestaurant.com\/be\/wp-content\/uploads\/2026\/01\/LarucheSaintGilles-02Janvier90-1-768x512.jpg 768w, https:\/\/www.larucherestaurant.com\/be\/wp-content\/uploads\/2026\/01\/LarucheSaintGilles-02Janvier90-1-1536x1024.jpg 1536w, https:\/\/www.larucherestaurant.com\/be\/wp-content\/uploads\/2026\/01\/LarucheSaintGilles-02Janvier90-1.jpg 2048w\" sizes=\"(max-width: 1024px) 100vw, 1024px\" \/>\t\t\t\t\t\t\t\t\t\t\t\t\t\t\t<\/div>\n\t\t\t\t<\/div>\n\t\t\t\t\t<\/div>\n\t\t\t\t<\/div>\n\t\t<div class=\"elementor-element elementor-element-7dcc91d e-flex e-con-boxed e-con e-parent\" data-id=\"7dcc91d\" data-element_type=\"container\" data-e-type=\"container\" data-settings=\"{&quot;background_background&quot;:&quot;classic&quot;}\">\n\t\t\t\t\t<div class=\"e-con-inner\">\n\t\t<div class=\"elementor-element elementor-element-8c982f1 e-con-full e-flex e-con e-child\" data-id=\"8c982f1\" data-element_type=\"container\" data-e-type=\"container\">\n\t\t\t\t<\/div>\n\t\t<div class=\"elementor-element elementor-element-d320d04 e-con-full e-flex e-con e-child\" data-id=\"d320d04\" data-element_type=\"container\" data-e-type=\"container\" data-settings=\"{&quot;background_background&quot;:&quot;classic&quot;}\">\n\t\t\t\t<div class=\"elementor-element elementor-element-7459a88 elementor-widget elementor-widget-heading\" data-id=\"7459a88\" data-element_type=\"widget\" data-e-type=\"widget\" data-widget_type=\"heading.default\">\n\t\t\t\t\t<h2 class=\"elementor-heading-title elementor-size-default\">\nNotre histoire<\/h2>\t\t\t\t<\/div>\n\t\t\t\t<div class=\"elementor-element elementor-element-f8aac1c elementor-widget elementor-widget-text-editor\" data-id=\"f8aac1c\" data-element_type=\"widget\" data-e-type=\"widget\" data-widget_type=\"text-editor.default\">\n\t\t\t\t\t\t\t\t\t<h3><span style=\"color: #fce6be;\">La Ruche \u2013 Bruxelles<\/span><\/h3><h6><span style=\"color: #fce6be;\">Un nouveau chapitre dans une aventure familiale n\u00e9e \u00e0 Bruxelles.<\/span><\/h6><p>Tout a commenc\u00e9 en 2019 \u00e0 Bruxelles, lorsque deux fr\u00e8res ont d\u00e9cid\u00e9 de donner vie \u00e0 leur passion commune : l&rsquo;excellence culinaire. Avec La Ruche, ils ont pos\u00e9 les bases d&rsquo;un lieu o\u00f9 raffinement, accueil sinc\u00e8re et cuisine authentique se rencontrent dans un cadre \u00e0 la fois historique et contemporain.<\/p><p>Aujourd&rsquo;hui, ce m\u00eame esprit familial et cette m\u00eame vision exigeante s&rsquo;installent \u00e0 Anvers, au c\u0153ur de l&rsquo;ancien quartier des abattoirs, avec l&rsquo;ouverture du \u00ab\u00a0Petit La Ruche\u00a0\u00bb.<\/p>\t\t\t\t\t\t\t\t<\/div>\n\t\t\t\t<div class=\"elementor-element elementor-element-ae77d0a elementor-widget elementor-widget-button\" data-id=\"ae77d0a\" data-element_type=\"widget\" data-e-type=\"widget\" data-widget_type=\"button.default\">\n\t\t\t\t\t\t\t\t\t\t<a class=\"elementor-button elementor-button-link elementor-size-sm\" href=\"https:\/\/www.larucherestaurant.com\/be\/fr\/about-us\/\">\n\t\t\t\t\t\t<span class=\"elementor-button-content-wrapper\">\n\t\t\t\t\t\t<span class=\"elementor-button-icon\">\n\t\t\t\t<svg aria-hidden=\"true\" class=\"e-font-icon-svg e-fas-angle-right\" viewBox=\"0 0 256 512\" xmlns=\"http:\/\/www.w3.org\/2000\/svg\"><path d=\"M224.3 273l-136 136c-9.4 9.4-24.6 9.4-33.9 0l-22.6-22.6c-9.4-9.4-9.4-24.6 0-33.9l96.4-96.4-96.4-96.4c-9.4-9.4-9.4-24.6 0-33.9L54.3 103c9.4-9.4 24.6-9.4 33.9 0l136 136c9.5 9.4 9.5 24.6.1 34z\"><\/path><\/svg>\t\t\t<\/span>\n\t\t\t\t\t\t\t\t\t<span class=\"elementor-button-text\">D\u00e9couvrir<\/span>\n\t\t\t\t\t<\/span>\n\t\t\t\t\t<\/a>\n\t\t\t\t\t\t\t\t<\/div>\n\t\t\t\t<\/div>\n\t\t\t\t\t<\/div>\n\t\t\t\t<\/div>\n\t\t\t\t<\/div>\n\t\t","protected":false},"excerpt":{"rendered":"<p>Nous vous apportons le meilleur Notre carte Un lieu, une histoire. Une table, une \u00e9motion. Dans un d\u00e9cor soigneusement restaur\u00e9, [&hellip;]<\/p>\n","protected":false},"author":1,"featured_media":0,"parent":0,"menu_order":0,"comment_status":"closed","ping_status":"closed","template":"","meta":{"site-sidebar-layout":"no-sidebar","site-content-layout":"","ast-site-content-layout":"full-width-container","site-content-style":"default","site-sidebar-style":"default","ast-global-header-display":"","ast-banner-title-visibility":"","ast-main-header-display":"","ast-hfb-above-header-display":"","ast-hfb-below-header-display":"","ast-hfb-mobile-header-display":"","site-post-title":"disabled","ast-breadcrumbs-content":"","ast-featured-img":"disabled","footer-sml-layout":"","ast-disable-related-posts":"","theme-transparent-header-meta":"","adv-header-id-meta":"","stick-header-meta":"","header-above-stick-meta":"","header-main-stick-meta":"","header-below-stick-meta":"","astra-migrate-meta-layouts":"default","ast-page-background-enabled":"default","ast-page-background-meta":{"desktop":{"background-color":"var(--ast-global-color-5)","background-image":"","background-repeat":"repeat","background-position":"center center","background-size":"auto","background-attachment":"scroll","background-type":"","background-media":"","overlay-type":"","overlay-color":"","overlay-opacity":"","overlay-gradient":""},"tablet":{"background-color":"","background-image":"","background-repeat":"repeat","background-position":"center center","background-size":"auto","background-attachment":"scroll","background-type":"","background-media":"","overlay-type":"","overlay-color":"","overlay-opacity":"","overlay-gradient":""},"mobile":{"background-color":"","background-image":"","background-repeat":"repeat","background-position":"center center","background-size":"auto","background-attachment":"scroll","background-type":"","background-media":"","overlay-type":"","overlay-color":"","overlay-opacity":"","overlay-gradient":""}},"ast-content-background-meta":{"desktop":{"background-color":"var(--ast-global-color-4)","background-image":"","background-repeat":"repeat","background-position":"center center","background-size":"auto","background-attachment":"scroll","background-type":"","background-media":"","overlay-type":"","overlay-color":"","overlay-opacity":"","overlay-gradient":""},"tablet":{"background-color":"var(--ast-global-color-4)","background-image":"","background-repeat":"repeat","background-position":"center center","background-size":"auto","background-attachment":"scroll","background-type":"","background-media":"","overlay-type":"","overlay-color":"","overlay-opacity":"","overlay-gradient":""},"mobile":{"background-color":"var(--ast-global-color-4)","background-image":"","background-repeat":"repeat","background-position":"center center","background-size":"auto","background-attachment":"scroll","background-type":"","background-media":"","overlay-type":"","overlay-color":"","overlay-opacity":"","overlay-gradient":""}},"footnotes":""},"class_list":["post-920","page","type-page","status-publish","hentry"],"lang":"fr","translations":{"fr":920,"en":18},"pll_sync_post":[],"_links":{"self":[{"href":"https:\/\/www.larucherestaurant.com\/be\/wp-json\/wp\/v2\/pages\/920","targetHints":{"allow":["GET"]}}],"collection":[{"href":"https:\/\/www.larucherestaurant.com\/be\/wp-json\/wp\/v2\/pages"}],"about":[{"href":"https:\/\/www.larucherestaurant.com\/be\/wp-json\/wp\/v2\/types\/page"}],"author":[{"embeddable":true,"href":"https:\/\/www.larucherestaurant.com\/be\/wp-json\/wp\/v2\/users\/1"}],"replies":[{"embeddable":true,"href":"https:\/\/www.larucherestaurant.com\/be\/wp-json\/wp\/v2\/comments?post=920"}],"version-history":[{"count":103,"href":"https:\/\/www.larucherestaurant.com\/be\/wp-json\/wp\/v2\/pages\/920\/revisions"}],"predecessor-version":[{"id":2540,"href":"https:\/\/www.larucherestaurant.com\/be\/wp-json\/wp\/v2\/pages\/920\/revisions\/2540"}],"wp:attachment":[{"href":"https:\/\/www.larucherestaurant.com\/be\/wp-json\/wp\/v2\/media?parent=920"}],"curies":[{"name":"wp","href":"https:\/\/api.w.org\/{rel}","templated":true}]}}