{"id":918,"date":"2025-04-22T02:53:20","date_gmt":"2025-04-22T02:53:20","guid":{"rendered":"https:\/\/wordpress-633066-5627510.cloudwaysapps.com\/?page_id=24"},"modified":"2026-03-07T02:57:23","modified_gmt":"2026-03-07T02:57:23","slug":"about-us","status":"publish","type":"page","link":"https:\/\/www.larucherestaurant.com\/be\/fr\/about-us\/","title":{"rendered":"About us"},"content":{"rendered":"\t\t<div data-elementor-type=\"wp-page\" data-elementor-id=\"918\" class=\"elementor elementor-918\">\n\t\t\t\t<div class=\"elementor-element elementor-element-822f288 e-flex e-con-boxed e-con e-parent\" data-id=\"822f288\" data-element_type=\"container\" data-e-type=\"container\">\n\t\t\t\t\t<div class=\"e-con-inner\">\n\t\t<div class=\"elementor-element elementor-element-ec0bf1c e-con-full e-flex e-con e-child\" data-id=\"ec0bf1c\" data-element_type=\"container\" data-e-type=\"container\">\n\t\t\t\t<div class=\"elementor-element elementor-element-0e07a63 elementor-widget-divider--view-line elementor-widget elementor-widget-divider\" data-id=\"0e07a63\" data-element_type=\"widget\" data-e-type=\"widget\" data-widget_type=\"divider.default\">\n\t\t\t\t\t\t\t<div class=\"elementor-divider\">\n\t\t\t<span class=\"elementor-divider-separator\">\n\t\t\t\t\t\t<\/span>\n\t\t<\/div>\n\t\t\t\t\t\t<\/div>\n\t\t\t\t<div class=\"elementor-element elementor-element-1f58b7f elementor-widget-divider--view-line elementor-widget elementor-widget-divider\" data-id=\"1f58b7f\" data-element_type=\"widget\" data-e-type=\"widget\" data-widget_type=\"divider.default\">\n\t\t\t\t\t\t\t<div class=\"elementor-divider\">\n\t\t\t<span class=\"elementor-divider-separator\">\n\t\t\t\t\t\t<\/span>\n\t\t<\/div>\n\t\t\t\t\t\t<\/div>\n\t\t\t\t<\/div>\n\t\t\t\t\t<\/div>\n\t\t\t\t<\/div>\n\t\t<div class=\"elementor-element elementor-element-080278d e-con-full e-flex e-con e-parent\" data-id=\"080278d\" data-element_type=\"container\" data-e-type=\"container\" data-settings=\"{&quot;background_background&quot;:&quot;classic&quot;}\">\n\t\t\t\t<\/div>\n\t\t<div class=\"elementor-element elementor-element-12e4a47 e-flex e-con-boxed e-con e-parent\" data-id=\"12e4a47\" data-element_type=\"container\" data-e-type=\"container\">\n\t\t\t\t\t<div class=\"e-con-inner\">\n\t\t<div class=\"elementor-element elementor-element-d70c009 e-con-full e-flex e-con e-child\" data-id=\"d70c009\" data-element_type=\"container\" data-e-type=\"container\">\n\t\t\t\t<div class=\"elementor-element elementor-element-3f23caf elementor-widget elementor-widget-text-editor\" data-id=\"3f23caf\" data-element_type=\"widget\" data-e-type=\"widget\" data-widget_type=\"text-editor.default\">\n\t\t\t\t\t\t\t\t\t<p><span style=\"font-weight: 400;\">La Ruche est n\u00e9e \u00e0 Bruxelles en 2019, lorsqu\u2019une fratrie a d\u00e9cid\u00e9 de donner vie \u00e0 leur passion commune : l\u2019excellence culinaire.<\/span><\/p><p><span style=\"font-weight: 400;\">Depuis, c\u2019est un lieu de rencontre entre raffinement, accueil sinc\u00e8re et cuisine inspir\u00e9e, dans un cadre aussi historique qu\u2019iconique.<\/span><\/p><p><span style=\"font-weight: 400;\">Nous favorisons la qualit\u00e9 \u00e0 la quantit\u00e9, la fra\u00eecheur \u00e0 la facilit\u00e9, et chaque client avant tout le reste.<\/span><\/p><p><span style=\"font-weight: 400;\">Nous sommes avant tout passionn\u00e9s par ce que nous appelons le \u201cbon et le bien-manger\u201d.<\/span><\/p><p><span style=\"font-weight: 400;\">La Ruche, c\u2019est surtout beaucoup d\u2019amour pour nos carnivores.<\/span><\/p>\t\t\t\t\t\t\t\t<\/div>\n\t\t\t\t<\/div>\n\t\t<div class=\"elementor-element elementor-element-ad20a2d e-con-full e-flex e-con e-child\" data-id=\"ad20a2d\" data-element_type=\"container\" data-e-type=\"container\">\n\t\t\t\t<div class=\"elementor-element elementor-element-ad8a036 elementor-widget elementor-widget-image\" data-id=\"ad8a036\" data-element_type=\"widget\" data-e-type=\"widget\" data-widget_type=\"image.default\">\n\t\t\t\t\t\t\t\t\t\t\t\t\t\t\t<img fetchpriority=\"high\" decoding=\"async\" width=\"683\" height=\"1024\" src=\"https:\/\/www.larucherestaurant.com\/be\/wp-content\/uploads\/2026\/01\/LarucheSaintGilles-02Janvier13-683x1024.jpg\" class=\"attachment-large size-large wp-image-1852\" alt=\"\" srcset=\"https:\/\/www.larucherestaurant.com\/be\/wp-content\/uploads\/2026\/01\/LarucheSaintGilles-02Janvier13-683x1024.jpg 683w, https:\/\/www.larucherestaurant.com\/be\/wp-content\/uploads\/2026\/01\/LarucheSaintGilles-02Janvier13-200x300.jpg 200w, https:\/\/www.larucherestaurant.com\/be\/wp-content\/uploads\/2026\/01\/LarucheSaintGilles-02Janvier13-768x1152.jpg 768w, https:\/\/www.larucherestaurant.com\/be\/wp-content\/uploads\/2026\/01\/LarucheSaintGilles-02Janvier13-1024x1536.jpg 1024w, https:\/\/www.larucherestaurant.com\/be\/wp-content\/uploads\/2026\/01\/LarucheSaintGilles-02Janvier13-1365x2048.jpg 1365w, https:\/\/www.larucherestaurant.com\/be\/wp-content\/uploads\/2026\/01\/LarucheSaintGilles-02Janvier13-scaled.jpg 1707w\" sizes=\"(max-width: 683px) 100vw, 683px\" \/>\t\t\t\t\t\t\t\t\t\t\t\t\t\t\t<\/div>\n\t\t\t\t<\/div>\n\t\t\t\t\t<\/div>\n\t\t\t\t<\/div>\n\t\t<div class=\"elementor-element elementor-element-8c445c3 e-flex e-con-boxed e-con e-parent\" data-id=\"8c445c3\" data-element_type=\"container\" data-e-type=\"container\">\n\t\t\t\t\t<div class=\"e-con-inner\">\n\t\t<div class=\"elementor-element elementor-element-66673ee e-con-full e-flex e-con e-child\" data-id=\"66673ee\" data-element_type=\"container\" data-e-type=\"container\">\n\t\t\t\t<div class=\"elementor-element elementor-element-5d5070d elementor-widget elementor-widget-image\" data-id=\"5d5070d\" data-element_type=\"widget\" data-e-type=\"widget\" data-widget_type=\"image.default\">\n\t\t\t\t\t\t\t\t\t\t\t\t\t\t\t<img decoding=\"async\" width=\"1365\" height=\"2048\" src=\"https:\/\/www.larucherestaurant.com\/be\/wp-content\/uploads\/2026\/01\/LarucheSaintGilles-02Janvier52-1365x2048.jpg\" class=\"attachment-2048x2048 size-2048x2048 wp-image-1885\" alt=\"\" srcset=\"https:\/\/www.larucherestaurant.com\/be\/wp-content\/uploads\/2026\/01\/LarucheSaintGilles-02Janvier52-1365x2048.jpg 1365w, https:\/\/www.larucherestaurant.com\/be\/wp-content\/uploads\/2026\/01\/LarucheSaintGilles-02Janvier52-200x300.jpg 200w, https:\/\/www.larucherestaurant.com\/be\/wp-content\/uploads\/2026\/01\/LarucheSaintGilles-02Janvier52-683x1024.jpg 683w, https:\/\/www.larucherestaurant.com\/be\/wp-content\/uploads\/2026\/01\/LarucheSaintGilles-02Janvier52-768x1152.jpg 768w, https:\/\/www.larucherestaurant.com\/be\/wp-content\/uploads\/2026\/01\/LarucheSaintGilles-02Janvier52-1024x1536.jpg 1024w, https:\/\/www.larucherestaurant.com\/be\/wp-content\/uploads\/2026\/01\/LarucheSaintGilles-02Janvier52-scaled.jpg 1707w\" sizes=\"(max-width: 1365px) 100vw, 1365px\" \/>\t\t\t\t\t\t\t\t\t\t\t\t\t\t\t<\/div>\n\t\t\t\t<\/div>\n\t\t<div class=\"elementor-element elementor-element-bcc028a e-con-full e-flex e-con e-child\" data-id=\"bcc028a\" data-element_type=\"container\" data-e-type=\"container\">\n\t\t\t\t<div class=\"elementor-element elementor-element-c4b03b1 elementor-widget elementor-widget-heading\" data-id=\"c4b03b1\" data-element_type=\"widget\" data-e-type=\"widget\" data-widget_type=\"heading.default\">\n\t\t\t\t\t<h2 class=\"elementor-heading-title elementor-size-default\">Un lieu, une histoire. Une table, une \u00e9motion.<\/h2>\t\t\t\t<\/div>\n\t\t\t\t<div class=\"elementor-element elementor-element-3723c28 elementor-widget elementor-widget-text-editor\" data-id=\"3723c28\" data-element_type=\"widget\" data-e-type=\"widget\" data-widget_type=\"text-editor.default\">\n\t\t\t\t\t\t\t\t\t<p>Dans un d\u00e9cor soigneusement restaur\u00e9, o\u00f9\u00a0<b>le patrimoine industriel rencontre un design raffin\u00e9<\/b>,\u00a0<b>La Ruche <\/b>vous accueille dans une\u00a0<b>ambiance chaleureuse et apaisante<\/b>.<br \/>Un cocon intimiste o\u00f9\u00a0<b>chaque d\u00e9tail est pens\u00e9 pour vous faire vivre un moment d\u2019exception<\/b><\/p>\t\t\t\t\t\t\t\t<\/div>\n\t\t\t\t<\/div>\n\t\t\t\t\t<\/div>\n\t\t\t\t<\/div>\n\t\t<div class=\"elementor-element elementor-element-166b1b8 e-flex e-con-boxed e-con e-parent\" data-id=\"166b1b8\" data-element_type=\"container\" data-e-type=\"container\">\n\t\t\t\t\t<div class=\"e-con-inner\">\n\t\t<div class=\"elementor-element elementor-element-00e1392 e-con-full e-flex e-con e-child\" data-id=\"00e1392\" data-element_type=\"container\" data-e-type=\"container\">\n\t\t\t\t<div class=\"elementor-element elementor-element-c30f6ba elementor-widget elementor-widget-image\" data-id=\"c30f6ba\" data-element_type=\"widget\" data-e-type=\"widget\" data-widget_type=\"image.default\">\n\t\t\t\t\t\t\t\t\t\t\t\t\t\t\t<img decoding=\"async\" width=\"683\" height=\"1024\" src=\"https:\/\/www.larucherestaurant.com\/be\/wp-content\/uploads\/2026\/01\/laruchefinale108-683x1024.jpg\" class=\"attachment-large size-large wp-image-1888\" alt=\"\" srcset=\"https:\/\/www.larucherestaurant.com\/be\/wp-content\/uploads\/2026\/01\/laruchefinale108-683x1024.jpg 683w, https:\/\/www.larucherestaurant.com\/be\/wp-content\/uploads\/2026\/01\/laruchefinale108-200x300.jpg 200w, https:\/\/www.larucherestaurant.com\/be\/wp-content\/uploads\/2026\/01\/laruchefinale108-768x1152.jpg 768w, https:\/\/www.larucherestaurant.com\/be\/wp-content\/uploads\/2026\/01\/laruchefinale108-1024x1536.jpg 1024w, https:\/\/www.larucherestaurant.com\/be\/wp-content\/uploads\/2026\/01\/laruchefinale108-1365x2048.jpg 1365w, https:\/\/www.larucherestaurant.com\/be\/wp-content\/uploads\/2026\/01\/laruchefinale108.jpg 1633w\" sizes=\"(max-width: 683px) 100vw, 683px\" \/>\t\t\t\t\t\t\t\t\t\t\t\t\t\t\t<\/div>\n\t\t\t\t<\/div>\n\t\t<div class=\"elementor-element elementor-element-7617dd6 e-con-full e-flex e-con e-child\" data-id=\"7617dd6\" data-element_type=\"container\" data-e-type=\"container\">\n\t\t\t\t<div class=\"elementor-element elementor-element-875e4d6 elementor-widget elementor-widget-heading\" data-id=\"875e4d6\" data-element_type=\"widget\" data-e-type=\"widget\" data-widget_type=\"heading.default\">\n\t\t\t\t\t<h2 class=\"elementor-heading-title elementor-size-default\">Une cuisine guid\u00e9e par la passion et la pr\u00e9cision.<\/h2>\t\t\t\t<\/div>\n\t\t\t\t<div class=\"elementor-element elementor-element-5d256fd elementor-widget elementor-widget-text-editor\" data-id=\"5d256fd\" data-element_type=\"widget\" data-e-type=\"widget\" data-widget_type=\"text-editor.default\">\n\t\t\t\t\t\t\t\t\t<p>Depuis le premier jour, La Ruche est port\u00e9e par une conviction simple :\u00a0<b>la qualit\u00e9 commence par l\u2019ingr\u00e9dient<\/b>.<br \/><b>Des viandes haut de gamme<\/b>, s\u00e9lectionn\u00e9es avec rigueur.<br \/><b>Des produits frais<\/b>, travaill\u00e9s avec respect et cr\u00e9ativit\u00e9.<br \/><b>Des saveurs franches et \u00e9l\u00e9gantes<\/b>, qui c\u00e9l\u00e8brent la g\u00e9n\u00e9rosit\u00e9 de la cuisine tout en flirtant avec la finesse.<\/p><p>Et surtout,\u00a0<b>un service irr\u00e9prochable<\/b>, attentif sans \u00eatre intrusif, humain, et sinc\u00e8rement passionn\u00e9.<\/p>\t\t\t\t\t\t\t\t<\/div>\n\t\t\t\t<\/div>\n\t\t\t\t\t<\/div>\n\t\t\t\t<\/div>\n\t\t<div class=\"elementor-element elementor-element-94d7404 e-grid e-con-full e-con e-parent\" data-id=\"94d7404\" data-element_type=\"container\" data-e-type=\"container\">\n\t\t\t\t<div class=\"elementor-element elementor-element-2c32ffb elementor-widget elementor-widget-image\" data-id=\"2c32ffb\" data-element_type=\"widget\" data-e-type=\"widget\" data-widget_type=\"image.default\">\n\t\t\t\t\t\t\t\t\t\t\t\t\t\t\t<img loading=\"lazy\" decoding=\"async\" width=\"683\" height=\"1024\" src=\"https:\/\/www.larucherestaurant.com\/be\/wp-content\/uploads\/2026\/01\/LarucheSaintGilles-02Janvier89-683x1024.jpg\" class=\"attachment-large size-large wp-image-1893\" alt=\"\" srcset=\"https:\/\/www.larucherestaurant.com\/be\/wp-content\/uploads\/2026\/01\/LarucheSaintGilles-02Janvier89-683x1024.jpg 683w, https:\/\/www.larucherestaurant.com\/be\/wp-content\/uploads\/2026\/01\/LarucheSaintGilles-02Janvier89-200x300.jpg 200w, https:\/\/www.larucherestaurant.com\/be\/wp-content\/uploads\/2026\/01\/LarucheSaintGilles-02Janvier89-768x1152.jpg 768w, https:\/\/www.larucherestaurant.com\/be\/wp-content\/uploads\/2026\/01\/LarucheSaintGilles-02Janvier89-1024x1536.jpg 1024w, https:\/\/www.larucherestaurant.com\/be\/wp-content\/uploads\/2026\/01\/LarucheSaintGilles-02Janvier89-1365x2048.jpg 1365w, https:\/\/www.larucherestaurant.com\/be\/wp-content\/uploads\/2026\/01\/LarucheSaintGilles-02Janvier89-scaled.jpg 1707w\" sizes=\"(max-width: 683px) 100vw, 683px\" \/>\t\t\t\t\t\t\t\t\t\t\t\t\t\t\t<\/div>\n\t\t\t\t<div class=\"elementor-element elementor-element-a3eaea3 elementor-widget elementor-widget-image\" data-id=\"a3eaea3\" data-element_type=\"widget\" data-e-type=\"widget\" data-widget_type=\"image.default\">\n\t\t\t\t\t\t\t\t\t\t\t\t\t\t\t<img loading=\"lazy\" decoding=\"async\" width=\"683\" height=\"1024\" src=\"https:\/\/www.larucherestaurant.com\/be\/wp-content\/uploads\/2026\/01\/LarucheSaintGilles-02Janvier81-683x1024.jpg\" class=\"attachment-large size-large wp-image-1895\" alt=\"\" srcset=\"https:\/\/www.larucherestaurant.com\/be\/wp-content\/uploads\/2026\/01\/LarucheSaintGilles-02Janvier81-683x1024.jpg 683w, https:\/\/www.larucherestaurant.com\/be\/wp-content\/uploads\/2026\/01\/LarucheSaintGilles-02Janvier81-200x300.jpg 200w, https:\/\/www.larucherestaurant.com\/be\/wp-content\/uploads\/2026\/01\/LarucheSaintGilles-02Janvier81-768x1152.jpg 768w, https:\/\/www.larucherestaurant.com\/be\/wp-content\/uploads\/2026\/01\/LarucheSaintGilles-02Janvier81-1024x1536.jpg 1024w, https:\/\/www.larucherestaurant.com\/be\/wp-content\/uploads\/2026\/01\/LarucheSaintGilles-02Janvier81-1365x2048.jpg 1365w, https:\/\/www.larucherestaurant.com\/be\/wp-content\/uploads\/2026\/01\/LarucheSaintGilles-02Janvier81-scaled.jpg 1707w\" sizes=\"(max-width: 683px) 100vw, 683px\" \/>\t\t\t\t\t\t\t\t\t\t\t\t\t\t\t<\/div>\n\t\t\t\t<div class=\"elementor-element elementor-element-4fdaf98 elementor-widget elementor-widget-image\" data-id=\"4fdaf98\" data-element_type=\"widget\" data-e-type=\"widget\" data-widget_type=\"image.default\">\n\t\t\t\t\t\t\t\t\t\t\t\t\t\t\t<img loading=\"lazy\" decoding=\"async\" width=\"768\" height=\"1152\" src=\"https:\/\/www.larucherestaurant.com\/be\/wp-content\/uploads\/2026\/01\/laruchefinale12-768x1152.jpg\" class=\"attachment-medium_large size-medium_large wp-image-1914\" alt=\"\" srcset=\"https:\/\/www.larucherestaurant.com\/be\/wp-content\/uploads\/2026\/01\/laruchefinale12-768x1152.jpg 768w, https:\/\/www.larucherestaurant.com\/be\/wp-content\/uploads\/2026\/01\/laruchefinale12-200x300.jpg 200w, https:\/\/www.larucherestaurant.com\/be\/wp-content\/uploads\/2026\/01\/laruchefinale12-683x1024.jpg 683w, https:\/\/www.larucherestaurant.com\/be\/wp-content\/uploads\/2026\/01\/laruchefinale12-1024x1536.jpg 1024w, https:\/\/www.larucherestaurant.com\/be\/wp-content\/uploads\/2026\/01\/laruchefinale12-1365x2048.jpg 1365w, https:\/\/www.larucherestaurant.com\/be\/wp-content\/uploads\/2026\/01\/laruchefinale12.jpg 1633w\" sizes=\"(max-width: 768px) 100vw, 768px\" \/>\t\t\t\t\t\t\t\t\t\t\t\t\t\t\t<\/div>\n\t\t\t\t<div class=\"elementor-element elementor-element-2957b78 elementor-widget elementor-widget-image\" data-id=\"2957b78\" data-element_type=\"widget\" data-e-type=\"widget\" data-widget_type=\"image.default\">\n\t\t\t\t\t\t\t\t\t\t\t\t\t\t\t<img loading=\"lazy\" decoding=\"async\" width=\"683\" height=\"1024\" src=\"https:\/\/www.larucherestaurant.com\/be\/wp-content\/uploads\/2026\/01\/LarucheSaintGilles-02Janvier53-683x1024.jpg\" class=\"attachment-large size-large wp-image-1908\" alt=\"\" srcset=\"https:\/\/www.larucherestaurant.com\/be\/wp-content\/uploads\/2026\/01\/LarucheSaintGilles-02Janvier53-683x1024.jpg 683w, https:\/\/www.larucherestaurant.com\/be\/wp-content\/uploads\/2026\/01\/LarucheSaintGilles-02Janvier53-200x300.jpg 200w, https:\/\/www.larucherestaurant.com\/be\/wp-content\/uploads\/2026\/01\/LarucheSaintGilles-02Janvier53-768x1152.jpg 768w, https:\/\/www.larucherestaurant.com\/be\/wp-content\/uploads\/2026\/01\/LarucheSaintGilles-02Janvier53-1024x1536.jpg 1024w, https:\/\/www.larucherestaurant.com\/be\/wp-content\/uploads\/2026\/01\/LarucheSaintGilles-02Janvier53-1365x2048.jpg 1365w, https:\/\/www.larucherestaurant.com\/be\/wp-content\/uploads\/2026\/01\/LarucheSaintGilles-02Janvier53-scaled.jpg 1707w\" sizes=\"(max-width: 683px) 100vw, 683px\" \/>\t\t\t\t\t\t\t\t\t\t\t\t\t\t\t<\/div>\n\t\t\t\t<div class=\"elementor-element elementor-element-872be3c elementor-widget elementor-widget-image\" data-id=\"872be3c\" data-element_type=\"widget\" data-e-type=\"widget\" data-widget_type=\"image.default\">\n\t\t\t\t\t\t\t\t\t\t\t\t\t\t\t<img loading=\"lazy\" decoding=\"async\" width=\"683\" height=\"1024\" src=\"https:\/\/www.larucherestaurant.com\/be\/wp-content\/uploads\/2026\/01\/LarucheSaintGilles-02Janvier109-683x1024.jpg\" class=\"attachment-large size-large wp-image-1904\" alt=\"\" srcset=\"https:\/\/www.larucherestaurant.com\/be\/wp-content\/uploads\/2026\/01\/LarucheSaintGilles-02Janvier109-683x1024.jpg 683w, https:\/\/www.larucherestaurant.com\/be\/wp-content\/uploads\/2026\/01\/LarucheSaintGilles-02Janvier109-200x300.jpg 200w, https:\/\/www.larucherestaurant.com\/be\/wp-content\/uploads\/2026\/01\/LarucheSaintGilles-02Janvier109-768x1152.jpg 768w, https:\/\/www.larucherestaurant.com\/be\/wp-content\/uploads\/2026\/01\/LarucheSaintGilles-02Janvier109-1024x1536.jpg 1024w, https:\/\/www.larucherestaurant.com\/be\/wp-content\/uploads\/2026\/01\/LarucheSaintGilles-02Janvier109-1365x2048.jpg 1365w, https:\/\/www.larucherestaurant.com\/be\/wp-content\/uploads\/2026\/01\/LarucheSaintGilles-02Janvier109-scaled.jpg 1707w\" sizes=\"(max-width: 683px) 100vw, 683px\" \/>\t\t\t\t\t\t\t\t\t\t\t\t\t\t\t<\/div>\n\t\t\t\t<div class=\"elementor-element elementor-element-a96b660 elementor-widget elementor-widget-image\" data-id=\"a96b660\" data-element_type=\"widget\" data-e-type=\"widget\" data-widget_type=\"image.default\">\n\t\t\t\t\t\t\t\t\t\t\t\t\t\t\t<img loading=\"lazy\" decoding=\"async\" width=\"683\" height=\"1024\" src=\"https:\/\/www.larucherestaurant.com\/be\/wp-content\/uploads\/2026\/01\/LarucheSaintGilles-02Janvier153-683x1024.jpg\" class=\"attachment-large size-large wp-image-1902\" alt=\"\" srcset=\"https:\/\/www.larucherestaurant.com\/be\/wp-content\/uploads\/2026\/01\/LarucheSaintGilles-02Janvier153-683x1024.jpg 683w, https:\/\/www.larucherestaurant.com\/be\/wp-content\/uploads\/2026\/01\/LarucheSaintGilles-02Janvier153-200x300.jpg 200w, https:\/\/www.larucherestaurant.com\/be\/wp-content\/uploads\/2026\/01\/LarucheSaintGilles-02Janvier153-768x1152.jpg 768w, https:\/\/www.larucherestaurant.com\/be\/wp-content\/uploads\/2026\/01\/LarucheSaintGilles-02Janvier153-1024x1536.jpg 1024w, https:\/\/www.larucherestaurant.com\/be\/wp-content\/uploads\/2026\/01\/LarucheSaintGilles-02Janvier153-1365x2048.jpg 1365w, https:\/\/www.larucherestaurant.com\/be\/wp-content\/uploads\/2026\/01\/LarucheSaintGilles-02Janvier153-scaled.jpg 1707w\" sizes=\"(max-width: 683px) 100vw, 683px\" \/>\t\t\t\t\t\t\t\t\t\t\t\t\t\t\t<\/div>\n\t\t\t\t<\/div>\n\t\t\t\t<\/div>\n\t\t","protected":false},"excerpt":{"rendered":"<p>La Ruche est n\u00e9e \u00e0 Bruxelles en 2019, lorsqu\u2019une fratrie a d\u00e9cid\u00e9 de donner vie \u00e0 leur passion commune : [&hellip;]<\/p>\n","protected":false},"author":1,"featured_media":0,"parent":0,"menu_order":0,"comment_status":"closed","ping_status":"closed","template":"","meta":{"site-sidebar-layout":"no-sidebar","site-content-layout":"","ast-site-content-layout":"full-width-container","site-content-style":"default","site-sidebar-style":"default","ast-global-header-display":"","ast-banner-title-visibility":"","ast-main-header-display":"","ast-hfb-above-header-display":"","ast-hfb-below-header-display":"","ast-hfb-mobile-header-display":"","site-post-title":"disabled","ast-breadcrumbs-content":"","ast-featured-img":"disabled","footer-sml-layout":"","ast-disable-related-posts":"","theme-transparent-header-meta":"","adv-header-id-meta":"","stick-header-meta":"","header-above-stick-meta":"","header-main-stick-meta":"","header-below-stick-meta":"","astra-migrate-meta-layouts":"default","ast-page-background-enabled":"default","ast-page-background-meta":{"desktop":{"background-color":"var(--ast-global-color-5)","background-image":"","background-repeat":"repeat","background-position":"center center","background-size":"auto","background-attachment":"scroll","background-type":"","background-media":"","overlay-type":"","overlay-color":"","overlay-opacity":"","overlay-gradient":""},"tablet":{"background-color":"","background-image":"","background-repeat":"repeat","background-position":"center center","background-size":"auto","background-attachment":"scroll","background-type":"","background-media":"","overlay-type":"","overlay-color":"","overlay-opacity":"","overlay-gradient":""},"mobile":{"background-color":"","background-image":"","background-repeat":"repeat","background-position":"center center","background-size":"auto","background-attachment":"scroll","background-type":"","background-media":"","overlay-type":"","overlay-color":"","overlay-opacity":"","overlay-gradient":""}},"ast-content-background-meta":{"desktop":{"background-color":"var(--ast-global-color-4)","background-image":"","background-repeat":"repeat","background-position":"center center","background-size":"auto","background-attachment":"scroll","background-type":"","background-media":"","overlay-type":"","overlay-color":"","overlay-opacity":"","overlay-gradient":""},"tablet":{"background-color":"var(--ast-global-color-4)","background-image":"","background-repeat":"repeat","background-position":"center center","background-size":"auto","background-attachment":"scroll","background-type":"","background-media":"","overlay-type":"","overlay-color":"","overlay-opacity":"","overlay-gradient":""},"mobile":{"background-color":"var(--ast-global-color-4)","background-image":"","background-repeat":"repeat","background-position":"center center","background-size":"auto","background-attachment":"scroll","background-type":"","background-media":"","overlay-type":"","overlay-color":"","overlay-opacity":"","overlay-gradient":""}},"footnotes":""},"class_list":["post-918","page","type-page","status-publish","hentry"],"lang":"fr","translations":{"fr":918,"en":24},"pll_sync_post":[],"_links":{"self":[{"href":"https:\/\/www.larucherestaurant.com\/be\/wp-json\/wp\/v2\/pages\/918","targetHints":{"allow":["GET"]}}],"collection":[{"href":"https:\/\/www.larucherestaurant.com\/be\/wp-json\/wp\/v2\/pages"}],"about":[{"href":"https:\/\/www.larucherestaurant.com\/be\/wp-json\/wp\/v2\/types\/page"}],"author":[{"embeddable":true,"href":"https:\/\/www.larucherestaurant.com\/be\/wp-json\/wp\/v2\/users\/1"}],"replies":[{"embeddable":true,"href":"https:\/\/www.larucherestaurant.com\/be\/wp-json\/wp\/v2\/comments?post=918"}],"version-history":[{"count":186,"href":"https:\/\/www.larucherestaurant.com\/be\/wp-json\/wp\/v2\/pages\/918\/revisions"}],"predecessor-version":[{"id":2582,"href":"https:\/\/www.larucherestaurant.com\/be\/wp-json\/wp\/v2\/pages\/918\/revisions\/2582"}],"wp:attachment":[{"href":"https:\/\/www.larucherestaurant.com\/be\/wp-json\/wp\/v2\/media?parent=918"}],"curies":[{"name":"wp","href":"https:\/\/api.w.org\/{rel}","templated":true}]}}